{"id":13,"date":"2016-03-07T16:38:37","date_gmt":"2016-03-07T16:38:37","guid":{"rendered":"http:\/\/19-wilde-bilder.de\/?page_id=13"},"modified":"2018-06-01T05:48:10","modified_gmt":"2018-06-01T05:48:10","slug":"kontakt","status":"publish","type":"page","link":"http:\/\/19-wilde-bilder.de\/?page_id=13","title":{"rendered":"Kontakt"},"content":{"rendered":"<p>Katja Hammerm\u00fcller<br \/>\nBernsteinsee 100<br \/>\n38524\u00a0Sassenburg<br \/>\nNiedersachsen<\/p>\n<p>Mobil: 0049 + 177 + 362 73 13<br \/>\nEmail: <a href=\"mailto:katja@hammermueller.de\">katja@hammermueller.de<\/a><\/p>\n<p><strong>.IMPRINT.<\/strong><\/p>\n<p>Verantwortlich f\u00fcr Gestaltung, Programmierung und Inhalte:<br \/>\nKatja Hammerm\u00fcller<\/p>\n<p>Haftungshinweis:<br \/>\nDie Inhalte externer Links werden von mir nicht gepr\u00fcft. Sie unterliegen der Haftung der jeweiligen Anbieter.<\/p>\n<p>F\u00fcr die Richtigkeit, Vollst\u00e4ndigkeit und Aktualit\u00e4t der bereit gestellten Informationen \u00fcbernehme ich keine Haftung.<\/p>\n<p>Datenschutzhinweise:<br \/>\nAlle auf dieser Website genannten Personen widersprechen hiermit jeder kommerziellen Verwendung und Weitergabe ihrer Daten (vgl. \u00a7 28 BDSG*2).<\/p>\n<p>Urheberrechtshinweise:<br \/>\nAlle auf dieser Website ver\u00f6ffentlichten Designs, Beitr\u00e4ge, Abbildungen, Video- und Audiodateien sind urheberrechtlich gesch\u00fctzt. Jede vom Urheberrechtsgesetz nicht zugelassene Nutzung bedarf ausnahmslos vorheriger schriftlicher Zustimmung. Dies gilt insbesondere f\u00fcr Vervielf\u00e4ltigung, Bearbeitung, \u00dcbersetzung, Einspeicherung, Verarbeitung bzw. Wiedergabe von Inhalten in Datenbanken oder anderen elektronischen Medien und Systemen.<\/p>\n<p>Bei Interesse an textlichen oder bildlichen Inhalten bzw. Abbildungen, Werken, Designs setzen Sie sich bitte mit mir in Verbindung: <a href=\"mailto:katja@hammermueller.de\">katja@hammermueller.de<\/a>.<\/p>\n<p>&nbsp;<\/p>\n<p><strong>.ALLGEMEINE DATENSCHUTZERKL\u00c4RUNG.<\/strong><\/p>\n<p>Durch die Nutzung dieser\u00a0Website erkl\u00e4ren Sie sich mit der Erhebung, Verarbeitung und Nutzung von Daten gem\u00e4\u00df der nachfolgenden Beschreibung einverstanden. Diese\u00a0Website kann grunds\u00e4tzlich ohne Registrierung besucht werden. Dabei werden Daten wie beispielsweise aufgerufene Seiten bzw. Namen der abgerufenen Datei, Datum und Uhrzeit zu statistischen Zwecken auf dem Server gespeichert, ohne dass diese Daten unmittelbar auf Ihre Person bezogen werden. Personenbezogene Daten, insbesondere Name, Adresse oder E-Mail-Adresse werden soweit m\u00f6glich auf freiwilliger Basis erhoben. Ohne Ihre Einwilligung erfolgt keine Weitergabe der Daten an Dritte.<\/p>\n<p>Quelle: <a href=\"https:\/\/www.anwalt.de\/vorlage\/muster-datenschutzerklaerung.php\">Muster-Datenschutzerkl\u00e4rung von anwalt.de<\/a><\/p>\n<p>Stand: 05\/2018<\/p>\n","protected":false},"excerpt":{"rendered":"<p>Katja Hammerm\u00fcller Bernsteinsee 100 38524\u00a0Sassenburg Niedersachsen Mobil: 0049 + 177 + 362 73 13 Email: katja@hammermueller.de .IMPRINT. Verantwortlich f\u00fcr Gestaltung, Programmierung und Inhalte: Katja Hammerm\u00fcller Haftungshinweis: Die Inhalte externer Links werden von mir nicht gepr\u00fcft. Sie unterliegen der Haftung der jeweiligen Anbieter. F\u00fcr die Richtigkeit, Vollst\u00e4ndigkeit und Aktualit\u00e4t der bereit gestellten Informationen \u00fcbernehme ich keine&hellip;<\/p>\n","protected":false},"author":1,"featured_media":0,"parent":0,"menu_order":0,"comment_status":"closed","ping_status":"closed","template":"","meta":[],"_links":{"self":[{"href":"http:\/\/19-wilde-bilder.de\/index.php?rest_route=\/wp\/v2\/pages\/13"}],"collection":[{"href":"http:\/\/19-wilde-bilder.de\/index.php?rest_route=\/wp\/v2\/pages"}],"about":[{"href":"http:\/\/19-wilde-bilder.de\/index.php?rest_route=\/wp\/v2\/types\/page"}],"author":[{"embeddable":true,"href":"http:\/\/19-wilde-bilder.de\/index.php?rest_route=\/wp\/v2\/users\/1"}],"replies":[{"embeddable":true,"href":"http:\/\/19-wilde-bilder.de\/index.php?rest_route=%2Fwp%2Fv2%2Fcomments&post=13"}],"version-history":[{"count":8,"href":"http:\/\/19-wilde-bilder.de\/index.php?rest_route=\/wp\/v2\/pages\/13\/revisions"}],"predecessor-version":[{"id":474,"href":"http:\/\/19-wilde-bilder.de\/index.php?rest_route=\/wp\/v2\/pages\/13\/revisions\/474"}],"wp:attachment":[{"href":"http:\/\/19-wilde-bilder.de\/index.php?rest_route=%2Fwp%2Fv2%2Fmedia&parent=13"}],"curies":[{"name":"wp","href":"https:\/\/api.w.org\/{rel}","templated":true}]}}