{"id":296,"date":"2016-09-02T08:51:11","date_gmt":"2016-09-02T08:51:11","guid":{"rendered":"http:\/\/19-wilde-bilder.de\/?page_id=296"},"modified":"2023-06-15T11:38:49","modified_gmt":"2023-06-15T11:38:49","slug":"ausstellung-2","status":"publish","type":"page","link":"http:\/\/19-wilde-bilder.de\/?page_id=296","title":{"rendered":"Ausstellung D\u00fcsseldorf"},"content":{"rendered":"<p><a href=\"http:\/\/19-wilde-bilder.de\/?page_id=1124\">Braunschweig<\/a> | <a href=\"http:\/\/19-wilde-bilder.de\/?page_id=1002\">Berlin<\/a>\u00a0| <a href=\"http:\/\/19-wilde-bilder.de\/?page_id=487\">Westerbeck<\/a>\u00a0| <a href=\"http:\/\/19-wilde-bilder.de\/?page_id=176\">Flechtorf<\/a>\u00a0|\u00a0<strong>D\u00fcsseldorf<\/strong><\/p>\n<p>Die erste offizielle Ausstellung\u00a0<strong><a href=\"http:\/\/19-wilde-bilder.de\/?page_id=296\">&#8222;Kleine Traumwelten&#8220;<\/a><\/strong>\u00a0wurde in der Stadtb\u00fccherei D\u00fcsseldorf-Flingern vom 29.10.2014 &#8211; 06.01.2015 pr\u00e4sentiert.\u00a9 Katja Hammerm\u00fcller, 2014\/15<\/p>\n\n\n<p><\/p>\n","protected":false},"excerpt":{"rendered":"<p>Braunschweig | Berlin\u00a0| Westerbeck\u00a0| Flechtorf\u00a0|\u00a0D\u00fcsseldorf Die erste offizielle Ausstellung\u00a0&#8222;Kleine Traumwelten&#8220;\u00a0wurde in der Stadtb\u00fccherei D\u00fcsseldorf-Flingern vom 29.10.2014 &#8211; 06.01.2015 pr\u00e4sentiert.\u00a9 Katja Hammerm\u00fcller, 2014\/15<\/p>\n","protected":false},"author":1,"featured_media":0,"parent":1140,"menu_order":1,"comment_status":"closed","ping_status":"closed","template":"","meta":[],"_links":{"self":[{"href":"http:\/\/19-wilde-bilder.de\/index.php?rest_route=\/wp\/v2\/pages\/296"}],"collection":[{"href":"http:\/\/19-wilde-bilder.de\/index.php?rest_route=\/wp\/v2\/pages"}],"about":[{"href":"http:\/\/19-wilde-bilder.de\/index.php?rest_route=\/wp\/v2\/types\/page"}],"author":[{"embeddable":true,"href":"http:\/\/19-wilde-bilder.de\/index.php?rest_route=\/wp\/v2\/users\/1"}],"replies":[{"embeddable":true,"href":"http:\/\/19-wilde-bilder.de\/index.php?rest_route=%2Fwp%2Fv2%2Fcomments&post=296"}],"version-history":[{"count":25,"href":"http:\/\/19-wilde-bilder.de\/index.php?rest_route=\/wp\/v2\/pages\/296\/revisions"}],"predecessor-version":[{"id":1134,"href":"http:\/\/19-wilde-bilder.de\/index.php?rest_route=\/wp\/v2\/pages\/296\/revisions\/1134"}],"up":[{"embeddable":true,"href":"http:\/\/19-wilde-bilder.de\/index.php?rest_route=\/wp\/v2\/pages\/1140"}],"wp:attachment":[{"href":"http:\/\/19-wilde-bilder.de\/index.php?rest_route=%2Fwp%2Fv2%2Fmedia&parent=296"}],"curies":[{"name":"wp","href":"https:\/\/api.w.org\/{rel}","templated":true}]}}